{"id":5308,"date":"2022-12-15T14:31:31","date_gmt":"2022-12-15T13:31:31","guid":{"rendered":"https:\/\/www.cerlesa.com\/?post_type=product&#038;p=5308"},"modified":"2024-08-20T17:42:35","modified_gmt":"2024-08-20T16:42:35","slug":"tarta-de-queso-con-arandanos","status":"publish","type":"product","link":"https:\/\/www.cerlesa.com\/index.php\/producto\/tarta-de-queso-con-arandanos\/","title":{"rendered":"Tarta de queso con ar\u00e1ndanos"},"content":{"rendered":"<p>Cremosa tarta horneada de queso a base de queso crema y huevo, coronada con aut\u00e9nticos ar\u00e1ndanos.<\/p>\n","protected":false},"excerpt":{"rendered":"<p>Cremosa tarta horneada de queso a base de queso crema y huevo, coronada con aut\u00e9nticos ar\u00e1ndanos.<\/p>\n","protected":false},"featured_media":5304,"comment_status":"closed","ping_status":"closed","template":"","meta":[],"product_cat":[96],"product_tag":[],"class_list":{"0":"post-5308","1":"product","2":"type-product","3":"status-publish","4":"has-post-thumbnail","6":"product_cat-sin-categorizar","8":"first","9":"instock","10":"shipping-taxable","11":"product-type-simple"},"_links":{"self":[{"href":"https:\/\/www.cerlesa.com\/index.php\/wp-json\/wp\/v2\/product\/5308"}],"collection":[{"href":"https:\/\/www.cerlesa.com\/index.php\/wp-json\/wp\/v2\/product"}],"about":[{"href":"https:\/\/www.cerlesa.com\/index.php\/wp-json\/wp\/v2\/types\/product"}],"replies":[{"embeddable":true,"href":"https:\/\/www.cerlesa.com\/index.php\/wp-json\/wp\/v2\/comments?post=5308"}],"wp:featuredmedia":[{"embeddable":true,"href":"https:\/\/www.cerlesa.com\/index.php\/wp-json\/wp\/v2\/media\/5304"}],"wp:attachment":[{"href":"https:\/\/www.cerlesa.com\/index.php\/wp-json\/wp\/v2\/media?parent=5308"}],"wp:term":[{"taxonomy":"product_cat","embeddable":true,"href":"https:\/\/www.cerlesa.com\/index.php\/wp-json\/wp\/v2\/product_cat?post=5308"},{"taxonomy":"product_tag","embeddable":true,"href":"https:\/\/www.cerlesa.com\/index.php\/wp-json\/wp\/v2\/product_tag?post=5308"}],"curies":[{"name":"wp","href":"https:\/\/api.w.org\/{rel}","templated":true}]}}