{"id":4693,"date":"2021-07-15T18:28:42","date_gmt":"2021-07-15T17:28:42","guid":{"rendered":"https:\/\/www.cerlesa.com\/?post_type=product&#038;p=4693"},"modified":"2024-08-20T18:23:19","modified_gmt":"2024-08-20T17:23:19","slug":"vodka-finlandia","status":"publish","type":"product","link":"https:\/\/www.cerlesa.com\/index.php\/producto\/vodka-finlandia\/","title":{"rendered":"Vodka Finlandia"},"content":{"rendered":"","protected":false},"excerpt":{"rendered":"<p>La inigualable calidad del vodka Finlandia puede atribuirse a que en su elaboraci\u00f3n s\u00f3lo se utilizan los mejores ingredientes: agua pura de manantial glaciar, un legado de la Edad del Hielo, y cebada suomi, que ofrece almid\u00f3n de la m\u00e1xima calidad y el m\u00ednimo contenido de aceites naturales, lo que resulta en un sabor limpio y definido.<\/p>\n","protected":false},"featured_media":4701,"comment_status":"closed","ping_status":"closed","template":"","meta":[],"product_cat":[96],"product_tag":[],"class_list":{"0":"post-4693","1":"product","2":"type-product","3":"status-publish","4":"has-post-thumbnail","6":"product_cat-sin-categorizar","8":"first","9":"instock","10":"shipping-taxable","11":"product-type-simple"},"_links":{"self":[{"href":"https:\/\/www.cerlesa.com\/index.php\/wp-json\/wp\/v2\/product\/4693"}],"collection":[{"href":"https:\/\/www.cerlesa.com\/index.php\/wp-json\/wp\/v2\/product"}],"about":[{"href":"https:\/\/www.cerlesa.com\/index.php\/wp-json\/wp\/v2\/types\/product"}],"replies":[{"embeddable":true,"href":"https:\/\/www.cerlesa.com\/index.php\/wp-json\/wp\/v2\/comments?post=4693"}],"wp:featuredmedia":[{"embeddable":true,"href":"https:\/\/www.cerlesa.com\/index.php\/wp-json\/wp\/v2\/media\/4701"}],"wp:attachment":[{"href":"https:\/\/www.cerlesa.com\/index.php\/wp-json\/wp\/v2\/media?parent=4693"}],"wp:term":[{"taxonomy":"product_cat","embeddable":true,"href":"https:\/\/www.cerlesa.com\/index.php\/wp-json\/wp\/v2\/product_cat?post=4693"},{"taxonomy":"product_tag","embeddable":true,"href":"https:\/\/www.cerlesa.com\/index.php\/wp-json\/wp\/v2\/product_tag?post=4693"}],"curies":[{"name":"wp","href":"https:\/\/api.w.org\/{rel}","templated":true}]}}