{"id":4589,"date":"2021-06-23T18:19:37","date_gmt":"2021-06-23T17:19:37","guid":{"rendered":"https:\/\/www.cerlesa.com\/?post_type=product&#038;p=4589"},"modified":"2024-08-20T18:26:14","modified_gmt":"2024-08-20T17:26:14","slug":"ramon-bilbao-organic-tempranillo","status":"publish","type":"product","link":"https:\/\/www.cerlesa.com\/index.php\/producto\/ramon-bilbao-organic-tempranillo\/","title":{"rendered":"Ram\u00f3n Bilbao Organic Tempranillo"},"content":{"rendered":"","protected":false},"excerpt":{"rendered":"<p>Vi\u00f1edos ecol\u00f3gicos<\/p>\n","protected":false},"featured_media":4590,"comment_status":"closed","ping_status":"closed","template":"","meta":[],"product_cat":[96],"product_tag":[],"class_list":{"0":"post-4589","1":"product","2":"type-product","3":"status-publish","4":"has-post-thumbnail","6":"product_cat-sin-categorizar","8":"first","9":"instock","10":"shipping-taxable","11":"product-type-simple"},"_links":{"self":[{"href":"https:\/\/www.cerlesa.com\/index.php\/wp-json\/wp\/v2\/product\/4589"}],"collection":[{"href":"https:\/\/www.cerlesa.com\/index.php\/wp-json\/wp\/v2\/product"}],"about":[{"href":"https:\/\/www.cerlesa.com\/index.php\/wp-json\/wp\/v2\/types\/product"}],"replies":[{"embeddable":true,"href":"https:\/\/www.cerlesa.com\/index.php\/wp-json\/wp\/v2\/comments?post=4589"}],"wp:featuredmedia":[{"embeddable":true,"href":"https:\/\/www.cerlesa.com\/index.php\/wp-json\/wp\/v2\/media\/4590"}],"wp:attachment":[{"href":"https:\/\/www.cerlesa.com\/index.php\/wp-json\/wp\/v2\/media?parent=4589"}],"wp:term":[{"taxonomy":"product_cat","embeddable":true,"href":"https:\/\/www.cerlesa.com\/index.php\/wp-json\/wp\/v2\/product_cat?post=4589"},{"taxonomy":"product_tag","embeddable":true,"href":"https:\/\/www.cerlesa.com\/index.php\/wp-json\/wp\/v2\/product_tag?post=4589"}],"curies":[{"name":"wp","href":"https:\/\/api.w.org\/{rel}","templated":true}]}}