{"id":454,"date":"2016-03-14T19:28:33","date_gmt":"2016-03-14T18:28:33","guid":{"rendered":"http:\/\/www.cerlesa.com\/?post_type=product&#038;p=454"},"modified":"2026-05-10T11:54:06","modified_gmt":"2026-05-10T10:54:06","slug":"indogin","status":"publish","type":"product","link":"https:\/\/www.cerlesa.com\/index.php\/producto\/indogin\/","title":{"rendered":"Indogin"},"content":{"rendered":"","protected":false},"excerpt":{"rendered":"<p>Exclusivo\/a para hosteler\u00eda. Solo es posible consumir este producto en bares y restaurantes, no est\u00e1 disponible en tiendas ni supermercados.<\/p>\n<h3><strong>Grupo Gedisnor, S.L. informa<\/strong><\/h3>\n<p>Debido a las informaciones, aparecidas en internet, relacionadas con nuestra marca de ginebra <strong>Indogin<\/strong>, en las cuales se citan personas y ciudad vinculada con la autor\u00eda y regionalismo de nuestra marca, afirmamos, la rotunda falsedad de dichas informaciones.<\/p>\n<h3>Hacemos el siguiente comunicado:<\/h3>\n<ul>\n<li>El grupo Gedisnor, S.L, es el \u00fanico propietario de la marca Indogin.<\/li>\n<li>Indogin, es una ginebra Premium, importada por Gedisnor de Inglaterra, tal como refleja la informaci\u00f3n de la etiqueta.<\/li>\n<li>El grupo Gedisnor est\u00e1 formado por 17 empresas de distribuci\u00f3n a hosteler\u00eda, del centro y norte de Espa\u00f1a, y son los \u00fanicos autorizados a distribuir a la hosteler\u00eda la marca Indogin.<\/li>\n<\/ul>\n<p>&nbsp;<\/p>\n<p>&nbsp;<\/p>\n","protected":false},"featured_media":687,"comment_status":"open","ping_status":"closed","template":"","meta":[],"product_cat":[35],"product_tag":[],"class_list":{"0":"post-454","1":"product","2":"type-product","3":"status-publish","4":"has-post-thumbnail","6":"product_cat-ginebras","8":"first","9":"instock","10":"shipping-taxable","11":"product-type-simple"},"_links":{"self":[{"href":"https:\/\/www.cerlesa.com\/index.php\/wp-json\/wp\/v2\/product\/454"}],"collection":[{"href":"https:\/\/www.cerlesa.com\/index.php\/wp-json\/wp\/v2\/product"}],"about":[{"href":"https:\/\/www.cerlesa.com\/index.php\/wp-json\/wp\/v2\/types\/product"}],"replies":[{"embeddable":true,"href":"https:\/\/www.cerlesa.com\/index.php\/wp-json\/wp\/v2\/comments?post=454"}],"wp:featuredmedia":[{"embeddable":true,"href":"https:\/\/www.cerlesa.com\/index.php\/wp-json\/wp\/v2\/media\/687"}],"wp:attachment":[{"href":"https:\/\/www.cerlesa.com\/index.php\/wp-json\/wp\/v2\/media?parent=454"}],"wp:term":[{"taxonomy":"product_cat","embeddable":true,"href":"https:\/\/www.cerlesa.com\/index.php\/wp-json\/wp\/v2\/product_cat?post=454"},{"taxonomy":"product_tag","embeddable":true,"href":"https:\/\/www.cerlesa.com\/index.php\/wp-json\/wp\/v2\/product_tag?post=454"}],"curies":[{"name":"wp","href":"https:\/\/api.w.org\/{rel}","templated":true}]}}