{"id":4408,"date":"2020-10-13T18:06:51","date_gmt":"2020-10-13T17:06:51","guid":{"rendered":"https:\/\/www.cerlesa.com\/?post_type=product&#038;p=4408"},"modified":"2024-08-20T17:37:38","modified_gmt":"2024-08-20T16:37:38","slug":"ron-santisima-trinidad-3-anos","status":"publish","type":"product","link":"https:\/\/www.cerlesa.com\/index.php\/producto\/ron-santisima-trinidad-3-anos\/","title":{"rendered":"Ron Sant\u00edsima Trinidad 3 a\u00f1os"},"content":{"rendered":"","protected":false},"excerpt":{"rendered":"<p>Ron Santisima Trinidad 3 A\u00f1os es un exclusivo Ron A\u00f1ejo Cubano. Es el m\u00e1s joven de los productos de una gama que significa un nuevo concepto de ron cubano, ligero como todos y adem\u00e1s suave.<\/p>\n","protected":false},"featured_media":4410,"comment_status":"closed","ping_status":"closed","template":"","meta":[],"product_cat":[96],"product_tag":[],"class_list":{"0":"post-4408","1":"product","2":"type-product","3":"status-publish","4":"has-post-thumbnail","6":"product_cat-sin-categorizar","8":"first","9":"instock","10":"shipping-taxable","11":"product-type-simple"},"_links":{"self":[{"href":"https:\/\/www.cerlesa.com\/index.php\/wp-json\/wp\/v2\/product\/4408"}],"collection":[{"href":"https:\/\/www.cerlesa.com\/index.php\/wp-json\/wp\/v2\/product"}],"about":[{"href":"https:\/\/www.cerlesa.com\/index.php\/wp-json\/wp\/v2\/types\/product"}],"replies":[{"embeddable":true,"href":"https:\/\/www.cerlesa.com\/index.php\/wp-json\/wp\/v2\/comments?post=4408"}],"wp:featuredmedia":[{"embeddable":true,"href":"https:\/\/www.cerlesa.com\/index.php\/wp-json\/wp\/v2\/media\/4410"}],"wp:attachment":[{"href":"https:\/\/www.cerlesa.com\/index.php\/wp-json\/wp\/v2\/media?parent=4408"}],"wp:term":[{"taxonomy":"product_cat","embeddable":true,"href":"https:\/\/www.cerlesa.com\/index.php\/wp-json\/wp\/v2\/product_cat?post=4408"},{"taxonomy":"product_tag","embeddable":true,"href":"https:\/\/www.cerlesa.com\/index.php\/wp-json\/wp\/v2\/product_tag?post=4408"}],"curies":[{"name":"wp","href":"https:\/\/api.w.org\/{rel}","templated":true}]}}