{"id":4384,"date":"2020-08-31T17:35:49","date_gmt":"2020-08-31T16:35:49","guid":{"rendered":"https:\/\/www.cerlesa.com\/?post_type=product&#038;p=4384"},"modified":"2024-08-20T18:26:42","modified_gmt":"2024-08-20T17:26:42","slug":"dewars-8-anos-caribbean","status":"publish","type":"product","link":"https:\/\/www.cerlesa.com\/index.php\/producto\/dewars-8-anos-caribbean\/","title":{"rendered":"Dewar\u00b4s 8 a\u00f1os Caribbean"},"content":{"rendered":"","protected":false},"excerpt":{"rendered":"<p>Dewar\u00b4s 8 a\u00f1os Caribbean<\/p>\n<p>una mezcla de ocho a\u00f1os de antig\u00fcedad terminada en barriles de ron caribe\u00f1o. Dewar\u2019s Caribbean Smooth es una mezcla de hasta 40 maltas simples y whiskies de grano que han sido madurados durante al menos ocho a\u00f1os, antes de ser transferidos a barricas de ron ex-caribe\u00f1o durante aproximadamente seis meses.<\/p>\n","protected":false},"featured_media":4385,"comment_status":"closed","ping_status":"closed","template":"","meta":[],"product_cat":[96],"product_tag":[],"class_list":{"0":"post-4384","1":"product","2":"type-product","3":"status-publish","4":"has-post-thumbnail","6":"product_cat-sin-categorizar","8":"first","9":"instock","10":"shipping-taxable","11":"product-type-simple"},"_links":{"self":[{"href":"https:\/\/www.cerlesa.com\/index.php\/wp-json\/wp\/v2\/product\/4384"}],"collection":[{"href":"https:\/\/www.cerlesa.com\/index.php\/wp-json\/wp\/v2\/product"}],"about":[{"href":"https:\/\/www.cerlesa.com\/index.php\/wp-json\/wp\/v2\/types\/product"}],"replies":[{"embeddable":true,"href":"https:\/\/www.cerlesa.com\/index.php\/wp-json\/wp\/v2\/comments?post=4384"}],"wp:featuredmedia":[{"embeddable":true,"href":"https:\/\/www.cerlesa.com\/index.php\/wp-json\/wp\/v2\/media\/4385"}],"wp:attachment":[{"href":"https:\/\/www.cerlesa.com\/index.php\/wp-json\/wp\/v2\/media?parent=4384"}],"wp:term":[{"taxonomy":"product_cat","embeddable":true,"href":"https:\/\/www.cerlesa.com\/index.php\/wp-json\/wp\/v2\/product_cat?post=4384"},{"taxonomy":"product_tag","embeddable":true,"href":"https:\/\/www.cerlesa.com\/index.php\/wp-json\/wp\/v2\/product_tag?post=4384"}],"curies":[{"name":"wp","href":"https:\/\/api.w.org\/{rel}","templated":true}]}}