{"id":5854,"date":"2024-10-01T22:48:21","date_gmt":"2024-10-01T21:48:21","guid":{"rendered":"https:\/\/www.cerlesa.com\/?page_id=5854"},"modified":"2024-10-01T22:48:21","modified_gmt":"2024-10-01T21:48:21","slug":"politica-de-privacidad","status":"publish","type":"page","link":"https:\/\/www.cerlesa.com\/index.php\/politica-de-privacidad\/","title":{"rendered":"Pol\u00edtica de privacidad"},"content":{"rendered":"<p>[vc_row][vc_column][vc_column_text][\/vc_column_text][\/vc_column][\/vc_row][vc_row type=\u00bbboxed\u00bb css=\u00bb.vc_custom_1457019683569{padding-top: 75px !important;padding-bottom: 75px !important;background-color: #ffffff !important;background-position: center !important;background-repeat: no-repeat !important;background-size: cover !important;}\u00bb background_style=\u00bbnormal\u00bb font_color=\u00bb#777777&#8243;][vc_column][vc_row_inner css=\u00bb.vc_custom_1404818888321{margin-top: 20px !important;}\u00bb][vc_column_inner width=\u00bb1\/3&#8243;]\t\t\r\n\t\t<div class=\"shortcode_icon_box icon_position_top icon_style_outlined\">\r\n\t\t\t<div class=\"icon_wrapper\" style=\"background-color:#ffffff; border-color:#d87462\">\r\n\t\t\t\t<div class=\"icon arrows-info\" style=\"color:#d87462\"><\/div>\r\n\t\t\t<\/div><\/div>\r\n\t[\/vc_column_inner][vc_column_inner width=\u00bb2\/3&#8243;][vc_column_text]Bienvenido a la pol\u00edtica de privacidad de <strong> www.cerlesa.com<\/strong>. Aqu\u00ed encontrar\u00e1 cuestiones relativas a su privacidad y a la protecci\u00f3n de sus datos personales. Esta pol\u00edtica toma como base el <a href=\"https:\/\/www.boe.es\/doue\/2016\/119\/L00001-00088.pdf\">Reglamento General de Protecci\u00f3n de Datos (RGPD), o Reglamento (UE) 679\/2016<\/a>.<\/p>\n<h4><strong>Menores de edad<\/strong><\/h4>\n<p>Si fuera menor de edad, debe saber que por debajo de los 13 a\u00f1os se requiere el consentimiento de los padres o tutores para que tenga lugar tratamiento de sus datos personales. Si tiene menos de 13 a\u00f1os, por favor, no nos entregue ninguna informaci\u00f3n personal en <strong> www.cerlesa.com<\/strong>, ni se registre en nuestra web. Adem\u00e1s, ciertos datos de menores est\u00e1n especialmente protegidos por el Reglamento, en particular los que se basan en tratamientos de elaboraci\u00f3n de perfiles. En ning\u00fan caso se solicitar\u00e1 a los menores de 18 a\u00f1os informaci\u00f3n sobre la actividad personal, econ\u00f3mica o intimidad de la familia del menor.<\/p>\n<h5><strong>Tratamiento de datos personales en cerlesa.com<\/strong><\/h5>\n<p>De acuerdo con lo establecido en la normativa actual, los datos que recabemos en <strong>cerlesa.com<\/strong> ser\u00e1n:<\/p>\n<ul>\n<li>adecuados<\/li>\n<li>pertinentes<\/li>\n<li>limitados a lo necesario<\/li>\n<\/ul>\n<p>con la \u00fanica finalidad de responder a los formularios de contacto y a los comentarios de este blog. El usuario que comunique su informaci\u00f3n personal a <strong> www.cerlesa.com<\/strong> deber\u00e1 saber tambi\u00e9n que dicha informaci\u00f3n ser\u00e1 cedida solamente a la empresa que provee de hosting a <b> www.cerlesa.com<\/b> al dise\u00f1ador web, a WordPress.Org como soporte web y a Google Analytics. En el caso de que sea necesario ceder sus datos personales a terceros para ofrecer un nuevo servicio, <strong> www.cerlesa.com<\/strong> se asegurar\u00e1 de contar con su consentimiento como interesado, y de que los terceros cumplan con el Reglamento General de Protecci\u00f3n de Datos. Adem\u00e1s, se realizar\u00eda la actualizaci\u00f3n pertinente de esta Pol\u00edtica de Privacidad. Debe saber tambi\u00e9n que podr\u00e1 ejercer en cualquier momento sus derechos reconocidos en el Reglamento: acceso, rectificaci\u00f3n, supresi\u00f3n, olvido, oposici\u00f3n, limitaci\u00f3n del tratamiento, portabilidad de los datos y a no ser objeto de decisiones individuales automatizadas, incluyendo la elaboraci\u00f3n de perfiles. Para ello, podr\u00e1 acudir a la direcci\u00f3n <a href=\"mailto:administracion@cerlesa.com\">administracion@cerlesa.com<\/a><\/p>\n<h4><strong>Principios de esta pol\u00edtica de privacidad<\/strong><\/h4>\n<p>Esta pol\u00edtica de privacidad se inspira en los principios que rigen el Reglamento General de Protecci\u00f3n de Datos y en otros valores que se consideran deseables en cerlesa.com:<\/p>\n<ul>\n<li><strong>Transparencia en el desarrollo de la actividad<\/strong>: En <strong> www.cerlesa.com <\/strong>se procurar\u00e1 ser siempre transparente, en particular en lo referente a la gesti\u00f3n de datos personales.<\/li>\n<li><strong>Principio de responsabilidad proactiva<\/strong>: Los datos personales se tratar\u00e1n siempre con el m\u00e1ximo cuidado y se revisar\u00e1n peri\u00f3dicamente las medidas de seguridad aplicadas y la legitimidad del tratamiento de dichos datos.<\/li>\n<li><strong>Principio de minimizaci\u00f3n de los datos<\/strong>: Los datos personales recabados en <b> www.cerlesa.com <\/b>ser\u00e1n siempre adecuados, pertinentes y limitados a lo necesario para poder realizar las finalidades leg\u00edtimas para las que el interesado otorga su consentimiento: la suscripci\u00f3n a contenidos, el formulario de contacto y el de comentarios.<\/li>\n<li><strong>Rechazo de estrategias invasivas para el usuario<\/strong>: En <b> www.cerlesa.com <\/b>nos desmarcamos profundamente de las estrategias de spam y publicidad invasiva, lo que hace de <strong> www.cerlesa.com<\/strong> es un espacio libre de publicidad.<\/li>\n<\/ul>\n<div><\/div>\n<h4><strong>Base legal que respalda el tratamiento<\/strong><\/h4>\n<p>El tratamiento de datos personales se realiza en <strong> www.cerlesa.com<\/strong> de acuerdo con:<\/p>\n<ul>\n<li><a href=\"https:\/\/www.boe.es\/diario_boe\/txt.php?id=DOUE-L-2016-80807\" target=\"_blank\" rel=\"noopener noreferrer\">Reglamento (UE) 679\/2016 o Reglamento General de Protecci\u00f3n de Datos (RGPD)<\/a><\/li>\n<li><a href=\"https:\/\/www.boe.es\/buscar\/act.php?id=BOE-A-2002-13758\" target=\"_blank\" rel=\"noopener noreferrer\">Ley 34\/2002, de 11 de julio, de servicios de la sociedad de la informaci\u00f3n y de comercio electr\u00f3nico<\/a>.<\/li>\n<\/ul>\n<p>Adem\u00e1s, el tratamiento de datos personales en <strong> www.cerlesa.com<\/strong> se justifica dado que el interesado ha dado su consentimiento a trav\u00e9s de una clara acci\u00f3n afirmativa a <strong> www.cerlesa.com<\/strong> o de forma impl\u00edcita al navegar por este blog.<\/p>\n<h4><strong>Responsable del tratamiento de datos personales<\/strong><\/h4>\n<p>La informaci\u00f3n de contacto que encontrar\u00e1 a continuaci\u00f3n responde al Responsable del Tratamiento de sus datos personales, es decir, a la entidad detr\u00e1s de <strong> www.cerlesa.com.<\/strong><\/p>\n<table style=\"height: 161px;\" width=\"737\">\n<tbody>\n<tr>\n<td colspan=\"2\" width=\"566\"><strong>INFORMACI\u00d3N B\u00c1SICA DEL RESPONSABLE<\/strong><\/td>\n<\/tr>\n<tr>\n<td width=\"151\">Empresa<\/td>\n<td width=\"415\">Cervecera Leonesa SL<\/td>\n<\/tr>\n<tr>\n<td width=\"151\">NIF<\/td>\n<td width=\"415\">B24254393<\/td>\n<\/tr>\n<tr>\n<td width=\"151\">Apdo. Correos<\/td>\n<td width=\"415\">Crta. de Madrid, Km. 319, 24227 &#8211; Valdelafuente, Le\u00f3n<\/td>\n<\/tr>\n<tr>\n<td width=\"151\">Correo electr\u00f3nico<\/td>\n<td width=\"415\"><a href=\"mailto:cerlesa@cerlesa.com\">cerlesa@cerlesa.com<\/a><\/td>\n<\/tr>\n<tr>\n<td width=\"151\">Actividad<\/td>\n<td width=\"415\">Formaci\u00f3n<\/td>\n<\/tr>\n<\/tbody>\n<\/table>\n<h2><\/h2>\n<h4><strong>Derechos reconocidos<\/strong><\/h4>\n<p>Cualquier persona tiene derecho a ser adecuadamente informada en materia de protecci\u00f3n de datos, y a obtener confirmaci\u00f3n sobre si en <strong> www.cerlesa.com<\/strong> se tratan sus datos personales o no. Las personas interesadas podr\u00e1n ejercer su derecho de acceso a la informaci\u00f3n en poder de<strong> www.cerlesa.com<\/strong><strong>,<\/strong> incluyendo la obtenci\u00f3n de una copia de los datos, as\u00ed como su derecho a rectificar dichos datos o a suprimirlos cuando no sean necesarios para los fines que fueron recogidos, entre otros motivos. Asimismo, en determinadas circunstancias podr\u00e1n solicitar la limitaci\u00f3n del tratamiento de sus datos personales, lo que implicar\u00e1 su conservaci\u00f3n en exclusiva para el ejercicio o defensa de reclamaciones. Igualmente, en determinadas circunstancias y por motivos relacionados con su situaci\u00f3n particular, los interesados podr\u00e1n oponerse al tratamiento de sus datos personales. En<strong> www.cerlesa.com<\/strong> se dejar\u00e1 de tratar esos datos salvo por motivos leg\u00edtimos imperiosos o el ejercicio o defensa de reclamaciones. Igualmente, el interesado podr\u00e1 ejercer el derecho a la portabilidad de sus datos personales automatizados en poder de<strong> www.cerlesa.com,<\/strong> que ser\u00e1n trasladados en un formato accesible a otro Responsable de Tratamiento de la elecci\u00f3n del interesado.<\/p>\n<h4><strong>Posibilidad de reclamaci\u00f3n<\/strong><\/h4>\n<p>Si as\u00ed lo deseara y considerara sus derechos vulnerados, el interesado tendr\u00e1 siempre derecho a presentar una reclamaci\u00f3n ante la Agencia Espa\u00f1ola de Protecci\u00f3n de Datos, que es la autoridad de control en la materia.<\/p>\n<h4><strong>Finalidades del tratamiento y datos que se tratan<\/strong><\/h4>\n<p>Para que tenga constancia de qu\u00e9 tipo de datos se gestionan en<strong> www.cerlesa.com<\/strong> y por qu\u00e9, a continuaci\u00f3n encontrar\u00e1 un resumen de la informaci\u00f3n personal que se maneja en el normal desarrollo de la actividad de<strong> www.cerlesa.com<\/strong>:<\/p>\n<ul>\n<li>Para la gesti\u00f3n de formularios de contacto y suscripci\u00f3n a la p\u00e1gina web, se tratar\u00e1n los datos de los usuarios de la web tales como el nombre, el email y la direcci\u00f3n IP.<\/li>\n<li>Igualmente, los datos para mejorar los servicios digitales incluyendo sistemas de cifrado y cookies se tratar\u00e1n los mismos datos identificativos: nombre, direcci\u00f3n email y direcci\u00f3n IP.<\/li>\n<\/ul>\n<div><\/div>\n<h4><strong>Conservaci\u00f3n de los datos<\/strong><\/h4>\n<p>Los datos ser\u00e1n conservados mientras no se solicite supresi\u00f3n por parte del interesado.<\/p>\n<h4><strong>Cesiones de los datos<\/strong><\/h4>\n<p>La gesti\u00f3n de la p\u00e1gina web de<strong> www.cerlesa.com<\/strong> se tramitar\u00e1 parcialmente de forma interna y en parte a trav\u00e9s de un servicio contratado. Por ello, los datos personales de los usuarios de la web ser\u00e1n cedidos a las siguientes entidades:<\/p>\n<ul>\n<li><strong>Hosting<\/strong>: OVH HISPANO, S.L. (B83834747), <a href=\"mailto:soporte@ovh.es\">soporte@ovh.es<\/a> \u2013 Su pol\u00edtica de protecci\u00f3n de datos personales se puede consultar <a href=\"https:\/\/www.ovh.es\/proteccion-datos-personales\/\">aqu\u00ed<\/a>.<\/li>\n<li><strong>Plataforma web:<\/strong>org \u2013 la cesi\u00f3n de datos responde \u00fanicamente a los servicios de soporte que proporciona WordPress.org<\/li>\n<li><strong>Dise\u00f1o y programaci\u00f3n web:<\/strong> INDIPROWEB S.L. (B24613655), <a href=\"mailto:info@indipro.es\">info@indipro.es<\/a> \u2013 Su pol\u00edtica de protecci\u00f3n de datos personales se puede consultar <a href=\"https:\/\/www.indipro.es\/politica-de-privacidad\/\">aqu\u00ed<\/a>.<\/li>\n<li><strong>An\u00e1lisis y cookies<\/strong>: Google Analytics \u2013 Se puede consultar el apartado de pol\u00edtica de privacidad <a href=\"https:\/\/www.google.es\/intl\/es_ALL\/analytics\/learn\/privacy.html\">aqu\u00ed<\/a>.<\/li>\n<\/ul>\n<p>Si la relaci\u00f3n contractual terminara y fuera necesario designar a otra empresa para que preste este servicio, se contar\u00e1 con el consentimiento expl\u00edcito de los usuarios y la empresa <strong> www.cerlesa.com<\/strong> se asegurar\u00e1 de que en dicha entidad se cumpla con el Reglamento General de Protecci\u00f3n de Datos.<\/p>\n<h4><strong>Confidencialidad<\/strong><\/h4>\n<p>En <strong> www.cerlesa.com <\/strong>garantizamos que se mantendr\u00e1 la m\u00e1s estricta confidencialidad de sus datos personales, y que no ser\u00e1n cedidos a ninguna entidad salvo las imprescindiblemente necesarias para el desarrollo de la actividad de este blog. Si tiene alguna duda, por favor no dude en contactarnos en la siguiente direcci\u00f3n de correo electr\u00f3nico: <a href=\"mailto:cerlesa@cerlesa.com\">cerlesa@cerlesa.com<\/a> www.cerlesa.com<\/p>\n<p style=\"text-align: right;\"><em>Documento actualizado a 1 de octubre de 2024<\/em><\/p>\n<p>[\/vc_column_text][\/vc_column_inner][\/vc_row_inner][\/vc_column][\/vc_row][vc_row][vc_column][vc_column_text][\/vc_column_text][\/vc_column][\/vc_row]<\/p>\n","protected":false},"excerpt":{"rendered":"<p>[vc_row][vc_column][vc_column_text][\/vc_column_text][\/vc_column][\/vc_row][vc_row type=\u00bbboxed\u00bb css=\u00bb.vc_custom_1457019683569{padding-top: 75px !important;padding-bottom: 75px !important;background-color: #ffffff !important;background-position: center !important;background-repeat: no-repeat !important;background-size: cover !important;}\u00bb background_style=\u00bbnormal\u00bb font_color=\u00bb#777777&#8243;][vc_column][vc_row_inner css=\u00bb.vc_custom_1404818888321{margin-top: 20px !important;}\u00bb][vc_column_inner width=\u00bb1\/3&#8243;][\/vc_column_inner][vc_column_inner width=\u00bb2\/3&#8243;][vc_column_text]Bienvenido a la pol\u00edtica de privacidad de www.cerlesa.com. Aqu\u00ed encontrar\u00e1 cuestiones relativas a su privacidad y a la protecci\u00f3n de sus datos personales. Esta pol\u00edtica toma como base el Reglamento General de Protecci\u00f3n de <\/p>\n","protected":false},"author":1,"featured_media":0,"parent":0,"menu_order":0,"comment_status":"closed","ping_status":"closed","template":"page-full_single_footer.php","meta":{"footnotes":""},"class_list":["post-5854","page","type-page","status-publish","hentry"],"_links":{"self":[{"href":"https:\/\/www.cerlesa.com\/index.php\/wp-json\/wp\/v2\/pages\/5854"}],"collection":[{"href":"https:\/\/www.cerlesa.com\/index.php\/wp-json\/wp\/v2\/pages"}],"about":[{"href":"https:\/\/www.cerlesa.com\/index.php\/wp-json\/wp\/v2\/types\/page"}],"author":[{"embeddable":true,"href":"https:\/\/www.cerlesa.com\/index.php\/wp-json\/wp\/v2\/users\/1"}],"replies":[{"embeddable":true,"href":"https:\/\/www.cerlesa.com\/index.php\/wp-json\/wp\/v2\/comments?post=5854"}],"version-history":[{"count":1,"href":"https:\/\/www.cerlesa.com\/index.php\/wp-json\/wp\/v2\/pages\/5854\/revisions"}],"predecessor-version":[{"id":5855,"href":"https:\/\/www.cerlesa.com\/index.php\/wp-json\/wp\/v2\/pages\/5854\/revisions\/5855"}],"wp:attachment":[{"href":"https:\/\/www.cerlesa.com\/index.php\/wp-json\/wp\/v2\/media?parent=5854"}],"curies":[{"name":"wp","href":"https:\/\/api.w.org\/{rel}","templated":true}]}}